{"id":1515,"date":"2026-03-10T09:30:28","date_gmt":"2026-03-10T08:30:28","guid":{"rendered":"https:\/\/truecolors.hr\/?post_type=product&#038;p=1515"},"modified":"2026-03-27T12:20:29","modified_gmt":"2026-03-27T11:20:29","slug":"kamp-za-djecu-24-29-07-2026","status":"publish","type":"product","link":"https:\/\/truecolors.hr\/de\/product\/kamp-za-djecu-24-29-07-2026\/","title":{"rendered":"Kinderfreizeit vom 24. bis 29. Juli 2026."},"content":{"rendered":"<table>\n<tbody>\n<tr>\n<th>Was ist im Lieferumfang enthalten?<\/th>\n<th>Was ist nicht enthalten?<\/th>\n<\/tr>\n<tr>\n<td>\n<ul>\n<li style=\"font-weight: 400;\" aria-level=\"1\"><span style=\"font-weight: 400;\">4 no\u0107enja u Eko Holiday Home Lina<\/span><\/li>\n<li style=\"font-weight: 400;\" aria-level=\"1\"><span style=\"font-weight: 400;\">Uslugu punog pansiona (doru\u010dak, ru\u010dak, ve\u010dera)<\/span><\/li>\n<li style=\"font-weight: 400;\" aria-level=\"1\"><span style=\"font-weight: 400;\">Sudjelovanje u svim radionicama i aktivnostima kampa<\/span><\/li>\n<li style=\"font-weight: 400;\" aria-level=\"1\"><span style=\"font-weight: 400;\">Radionice rada u vrtu i prirodi (sadnja, sijanje, branje, upoznavanje biljaka)<\/span><\/li>\n<li style=\"font-weight: 400;\" aria-level=\"1\"><span style=\"font-weight: 400;\">Kulinarske radionice i izradu dje\u010dje knji\u017eice recepata<\/span><\/li>\n<li style=\"font-weight: 400;\" aria-level=\"1\"><span style=\"font-weight: 400;\">Radionice doma\u0107instva i svakodnevnih \u017eivotnih vje\u0161tina<\/span><\/li>\n<li style=\"font-weight: 400;\" aria-level=\"1\"><span style=\"font-weight: 400;\">Kreativne radionice (crtanje, izrada knji\u017eice, ru\u010dni rad)<\/span><\/li>\n<li style=\"font-weight: 400;\" aria-level=\"1\"><span style=\"font-weight: 400;\">Radionice tradicijskih zanata (\u0161ivanje, \u0161trikanje, rad s drvom)<\/span><\/li>\n<li style=\"font-weight: 400;\" aria-level=\"1\"><span style=\"font-weight: 400;\">Organizirane igre u dvori\u0161tu i grupne aktivnosti bez ekrana<\/span><\/li>\n<li style=\"font-weight: 400;\" aria-level=\"1\"><span style=\"font-weight: 400;\">Ve\u010dernje rituale i strukturirani dnevni program<\/span><\/li>\n<li style=\"font-weight: 400;\" aria-level=\"1\"><span style=\"font-weight: 400;\">Jednodnevni izlet po Me\u0111imurju<\/span><\/li>\n<li style=\"font-weight: 400;\" aria-level=\"1\"><span style=\"font-weight: 400;\">Uslugu prijevoza za izlet<\/span><\/li>\n<li style=\"font-weight: 400;\" aria-level=\"1\"><span style=\"font-weight: 400;\">Uslugu licenciranog turisti\u010dkog voditelja putovanja<\/span><\/li>\n<li style=\"font-weight: 400;\" aria-level=\"1\"><span style=\"font-weight: 400;\">Ulaznice za planirane lokacije tijekom izleta<\/span><\/li>\n<li style=\"font-weight: 400;\" aria-level=\"1\"><span style=\"font-weight: 400;\">Stalnu prisutnost i brigu odraslih voditelja<\/span><\/li>\n<li style=\"font-weight: 400;\" aria-level=\"1\"><span style=\"font-weight: 400;\">Organizaciju i provedbu programa<\/span><\/li>\n<\/ul>\n<\/td>\n<td>\n<ul>\n<li style=\"font-weight: 400;\" aria-level=\"1\"><span style=\"font-weight: 400;\">D\u017eeparac za osobne potrebe tijekom izleta<\/span><\/li>\n<li style=\"font-weight: 400;\" aria-level=\"1\"><span style=\"font-weight: 400;\">Tro\u0161kove osobnih kupnji (suveniri, dodatni sadr\u017eaji po \u017eelji)<\/span><\/li>\n<li style=\"font-weight: 400;\" aria-level=\"1\"><span style=\"font-weight: 400;\">Posebne prehrambene proizvode koji nisu prethodno dogovoreni<\/span><\/li>\n<li style=\"font-weight: 400;\" aria-level=\"1\"><span style=\"font-weight: 400;\">Individualne medicinske tro\u0161kove ili terapije<\/span><\/li>\n<li style=\"font-weight: 400;\" aria-level=\"1\"><span style=\"font-weight: 400;\">Prijevoz do i od mjesta odr\u017eavanja kampa<\/span><\/li>\n<li style=\"font-weight: 400;\" aria-level=\"1\"><span style=\"font-weight: 400;\">Sve \u0161to nije izri\u010dito navedeno pod \u201cCijena uklju\u010duje\u201d<\/span><\/li>\n<\/ul>\n<\/td>\n<\/tr>\n<\/tbody>\n<\/table>\n<p><b>Kalkulacija cijene je ra\u0111ena na bazi 10 djece.<\/b><\/p>\n<p><span style=\"font-weight: 400;\">True Colors putni\u010dka agencija zadr\u017eava pravo promjene cijene u slu\u010daju promjene kalkulativnih elemenata cijene i pravo otkaza putovanja u slu\u010daju manjeg broja prijavljenih putnika. Za ovaj program vrijede Op\u0107i uvjeti poslovanja TA True Colors te je program uskla\u0111en s va\u017ee\u0107im propisima vezanim uz turisti\u010dku djelatnost.<\/span><\/p>","protected":false},"excerpt":{"rendered":"<p><b>Rezervirajte mjesto na vrijeme<\/b><\/p>\n<p><span style=\"font-weight: 400;\">Ako \u017eelite da va\u0161e dijete:<\/span><\/p>\n<ul>\n<li style=\"font-weight: 400;\" aria-level=\"1\"><span style=\"font-weight: 400;\">uspori i do\u017eivi prirodu<\/span><\/li>\n<li style=\"font-weight: 400;\" aria-level=\"1\"><span style=\"font-weight: 400;\">u\u010di kroz stvarne \u017eivotne situacije<\/span><\/li>\n<li style=\"font-weight: 400;\" aria-level=\"1\"><span style=\"font-weight: 400;\">razvija samostalnost i odgovornost<\/span><\/li>\n<li style=\"font-weight: 400;\" aria-level=\"1\"><span style=\"font-weight: 400;\">provede vrijeme bez ekrana, u sigurnom i toplom okru\u017eenju<\/span><\/li>\n<\/ul>\n<p><span style=\"font-weight: 400;\">Kamp \u201eDo\u017eivi selo moje malo\u201c pravo je mjesto za takvo iskustvo.<\/span><\/p>","protected":false},"featured_media":1563,"comment_status":"open","ping_status":"closed","template":"","meta":[],"product_brand":[],"product_cat":[39],"product_tag":[],"class_list":{"0":"post-1515","1":"product","2":"type-product","3":"status-publish","4":"has-post-thumbnail","6":"product_cat-kamp-za-djecu","8":"first","9":"instock","10":"virtual","11":"purchasable","12":"product-type-simple"},"_links":{"self":[{"href":"https:\/\/truecolors.hr\/de\/wp-json\/wp\/v2\/product\/1515","targetHints":{"allow":["GET"]}}],"collection":[{"href":"https:\/\/truecolors.hr\/de\/wp-json\/wp\/v2\/product"}],"about":[{"href":"https:\/\/truecolors.hr\/de\/wp-json\/wp\/v2\/types\/product"}],"replies":[{"embeddable":true,"href":"https:\/\/truecolors.hr\/de\/wp-json\/wp\/v2\/comments?post=1515"}],"wp:featuredmedia":[{"embeddable":true,"href":"https:\/\/truecolors.hr\/de\/wp-json\/wp\/v2\/media\/1563"}],"wp:attachment":[{"href":"https:\/\/truecolors.hr\/de\/wp-json\/wp\/v2\/media?parent=1515"}],"wp:term":[{"taxonomy":"product_brand","embeddable":true,"href":"https:\/\/truecolors.hr\/de\/wp-json\/wp\/v2\/product_brand?post=1515"},{"taxonomy":"product_cat","embeddable":true,"href":"https:\/\/truecolors.hr\/de\/wp-json\/wp\/v2\/product_cat?post=1515"},{"taxonomy":"product_tag","embeddable":true,"href":"https:\/\/truecolors.hr\/de\/wp-json\/wp\/v2\/product_tag?post=1515"}],"curies":[{"name":"wp","href":"https:\/\/api.w.org\/{rel}","templated":true}]}}