{"id":1866,"date":"2026-04-02T13:58:18","date_gmt":"2026-04-02T11:58:18","guid":{"rendered":"https:\/\/truecolors.hr\/?page_id=1866"},"modified":"2026-04-02T13:59:57","modified_gmt":"2026-04-02T11:59:57","slug":"eu-ecolabel-certificiranje-u-turistickom-smjestaju","status":"publish","type":"page","link":"https:\/\/truecolors.hr\/it\/usluge\/eu-ecolabel-certificiranje-u-turistickom-smjestaju\/","title":{"rendered":"Certificazione Ecolabel UE per le strutture ricettive"},"content":{"rendered":"<div data-elementor-type=\"wp-page\" data-elementor-id=\"1866\" class=\"elementor elementor-1866\" wpc-filter-elementor-widget=\"1\" data-elementor-post-type=\"page\">\n\t\t\t\t\t\t<section class=\"elementor-section elementor-top-section elementor-element elementor-element-68bd87c8 elementor-section-boxed elementor-section-height-default elementor-section-height-default\" data-id=\"68bd87c8\" data-element_type=\"section\" data-e-type=\"section\" data-settings=\"{&quot;background_background&quot;:&quot;classic&quot;}\">\n\t\t\t\t\t\t\t<div class=\"elementor-background-overlay\"><\/div>\n\t\t\t\t\t\t\t<div class=\"elementor-container elementor-column-gap-default\">\n\t\t\t\t\t<div class=\"elementor-column elementor-col-100 elementor-top-column elementor-element elementor-element-69c7ff2\" data-id=\"69c7ff2\" data-element_type=\"column\" data-e-type=\"column\">\n\t\t\t<div class=\"elementor-widget-wrap elementor-element-populated\">\n\t\t\t\t\t\t<div class=\"elementor-element elementor-element-3e64fbab elementor-invisible elementor-widget elementor-widget-heading\" data-id=\"3e64fbab\" data-element_type=\"widget\" data-e-type=\"widget\" data-settings=\"{&quot;_animation&quot;:&quot;fadeInUp&quot;}\" data-widget_type=\"heading.default\">\n\t\t\t\t<div class=\"elementor-widget-container\">\n\t\t\t\t\t<h2 class=\"elementor-heading-title elementor-size-default\">Certificazione Ecolabel UE per le strutture ricettive<\/h2>\t\t\t\t<\/div>\n\t\t\t\t<\/div>\n\t\t\t\t<section class=\"elementor-section elementor-inner-section elementor-element elementor-element-6dd84065 elementor-section-height-min-height elementor-section-boxed elementor-section-height-default elementor-invisible\" data-id=\"6dd84065\" data-element_type=\"section\" data-e-type=\"section\" data-settings=\"{&quot;background_background&quot;:&quot;classic&quot;,&quot;animation&quot;:&quot;fadeIn&quot;}\">\n\t\t\t\t\t\t<div class=\"elementor-container elementor-column-gap-default\">\n\t\t\t\t\t<div class=\"elementor-column elementor-col-100 elementor-inner-column elementor-element elementor-element-1ed13b72\" data-id=\"1ed13b72\" data-element_type=\"column\" data-e-type=\"column\">\n\t\t\t<div class=\"elementor-widget-wrap elementor-element-populated\">\n\t\t\t\t\t\t<div class=\"elementor-element elementor-element-550be91c elementor-widget elementor-widget-image\" data-id=\"550be91c\" data-element_type=\"widget\" data-e-type=\"widget\" data-widget_type=\"image.default\">\n\t\t\t\t<div class=\"elementor-widget-container\">\n\t\t\t\t\t\t\t\t\t\t\t\t\t\t\t<img fetchpriority=\"high\" decoding=\"async\" width=\"475\" height=\"475\" src=\"https:\/\/truecolors.hr\/wp-content\/uploads\/2023\/11\/shape_truecolors-1.png\" class=\"attachment-large size-large wp-image-238\" alt=\"\" srcset=\"https:\/\/truecolors.hr\/wp-content\/uploads\/2023\/11\/shape_truecolors-1.png 475w, https:\/\/truecolors.hr\/wp-content\/uploads\/2023\/11\/shape_truecolors-1-300x300.png 300w, https:\/\/truecolors.hr\/wp-content\/uploads\/2023\/11\/shape_truecolors-1-100x100.png 100w, https:\/\/truecolors.hr\/wp-content\/uploads\/2023\/11\/shape_truecolors-1-150x150.png 150w, https:\/\/truecolors.hr\/wp-content\/uploads\/2023\/11\/shape_truecolors-1-12x12.png 12w\" sizes=\"(max-width: 475px) 100vw, 475px\" \/>\t\t\t\t\t\t\t\t\t\t\t\t\t\t\t<\/div>\n\t\t\t\t<\/div>\n\t\t\t\t\t<\/div>\n\t\t<\/div>\n\t\t\t\t\t<\/div>\n\t\t<\/section>\n\t\t\t\t\t<\/div>\n\t\t<\/div>\n\t\t\t\t\t<\/div>\n\t\t<\/section>\n\t\t\t\t<section class=\"elementor-section elementor-top-section elementor-element elementor-element-4c1525b elementor-section-boxed elementor-section-height-default elementor-section-height-default\" data-id=\"4c1525b\" data-element_type=\"section\" data-e-type=\"section\">\n\t\t\t\t\t\t<div class=\"elementor-container elementor-column-gap-default\">\n\t\t\t\t\t<div class=\"elementor-column elementor-col-50 elementor-top-column elementor-element elementor-element-67581d6\" data-id=\"67581d6\" data-element_type=\"column\" data-e-type=\"column\">\n\t\t\t<div class=\"elementor-widget-wrap elementor-element-populated\">\n\t\t\t\t\t\t<div class=\"elementor-element elementor-element-c7dcb2b elementor-widget elementor-widget-text-editor\" data-id=\"c7dcb2b\" data-element_type=\"widget\" data-e-type=\"widget\" data-widget_type=\"text-editor.default\">\n\t\t\t\t<div class=\"elementor-widget-container\">\n\t\t\t\t\t\t\t\t\t<p>Odr\u017eivost vi\u0161e nije izbor \u2013 ona je standard budu\u0107nosti.<br \/>Ovaj program pru\u017ea vam jasan i prakti\u010dan uvid u EU Ecolabel certificiranje kroz primjere iz stvarnog \u017eivota.<\/p><p>Kroz stru\u010dna predavanja, otvorene razgovore i obilazak certificiranih objekata, saznat \u0107ete kako izgleda put od ideje do implementacije odr\u017eivih praksi u smje\u0161taju. Program je namijenjen svima koji \u017eele unaprijediti svoje poslovanje, podi\u0107i kvalitetu usluge i postati dio sve va\u017enijeg zelenog turizma.<\/p>\t\t\t\t\t\t\t\t<\/div>\n\t\t\t\t<\/div>\n\t\t\t\t<div class=\"elementor-element elementor-element-a2a00b1 elementor-widget__width-auto elementor-invisible elementor-widget elementor-widget-heading\" data-id=\"a2a00b1\" data-element_type=\"widget\" data-e-type=\"widget\" data-settings=\"{&quot;_animation&quot;:&quot;fadeInUp&quot;}\" data-widget_type=\"heading.default\">\n\t\t\t\t<div class=\"elementor-widget-container\">\n\t\t\t\t\t<p class=\"elementor-heading-title elementor-size-default\">Programma<\/p>\t\t\t\t<\/div>\n\t\t\t\t<\/div>\n\t\t\t\t<div class=\"elementor-element elementor-element-57a858c elementor-widget elementor-widget-heading\" data-id=\"57a858c\" data-element_type=\"widget\" data-e-type=\"widget\" data-widget_type=\"heading.default\">\n\t\t\t\t<div class=\"elementor-widget-container\">\n\t\t\t\t\t<h3 class=\"elementor-heading-title elementor-size-default\">Informazioni di base sul pacchetto<\/h3>\t\t\t\t<\/div>\n\t\t\t\t<\/div>\n\t\t\t\t<div class=\"elementor-element elementor-element-bbd982b elementor-widget elementor-widget-elementskit-simple-tab\" data-id=\"bbd982b\" data-element_type=\"widget\" data-e-type=\"widget\" data-widget_type=\"elementskit-simple-tab.default\">\n\t\t\t\t<div class=\"elementor-widget-container\">\n\t\t\t\t\t<div class=\"ekit-wid-con\" >        <div class=\"elementkit-tab-wraper   elementskit-fitcontent-tab\">\n            <ul class=\"nav nav-tabs elementkit-tab-nav  tab-nav-fluid\">\n                                    <li class=\"elementkit-nav-item elementor-repeater-item-7c90f59\">\n                        <a class=\"elementkit-nav-link  active show left-pos\" id=\"content-7c90f5969f31279ef76f-tab\" data-ekit-handler-id=\"1-dan\" data-ekit-toggle=\"tab\" data-target=\"#content-7c90f5969f31279ef76f\" href=\"#Content-7c90f5969f31279ef76f\"\n                            data-ekit-toggle-trigger=\"click\"\n                            aria-describedby=\"Content-7c90f5969f31279ef76f\">\n                            <span class=\"elementskit-tab-icon\"><\/span>                            <span class=\"elementskit-tab-title\">Giorno 1<\/span>\n                        <\/a>\n                    <\/li>\n                                        <li class=\"elementkit-nav-item elementor-repeater-item-ab4e3ad\">\n                        <a class=\"elementkit-nav-link  left-pos\" id=\"content-ab4e3ad69f31279ef76f-tab\" data-ekit-handler-id=\"2-dan\" data-ekit-toggle=\"tab\" data-target=\"#content-ab4e3ad69f31279ef76f\" href=\"#Content-ab4e3ad69f31279ef76f\"\n                            data-ekit-toggle-trigger=\"click\"\n                            aria-describedby=\"Content-ab4e3ad69f31279ef76f\">\n                            <span class=\"elementskit-tab-icon\"><\/span>                            <span class=\"elementskit-tab-title\">Giorno 2<\/span>\n                        <\/a>\n                    <\/li>\n                                        <li class=\"elementkit-nav-item elementor-repeater-item-824c7aa\">\n                        <a class=\"elementkit-nav-link  left-pos\" id=\"content-824c7aa69f31279ef76f-tab\" data-ekit-handler-id=\"3-dan\" data-ekit-toggle=\"tab\" data-target=\"#content-824c7aa69f31279ef76f\" href=\"#Content-824c7aa69f31279ef76f\"\n                            data-ekit-toggle-trigger=\"click\"\n                            aria-describedby=\"Content-824c7aa69f31279ef76f\">\n                            <span class=\"elementskit-tab-icon\"><\/span>                            <span class=\"elementskit-tab-title\">Giorno 3<\/span>\n                        <\/a>\n                    <\/li>\n                                <\/ul>\n\n            <div class=\"tab-content elementkit-tab-content\">\n                                    <div class=\"tab-pane elementkit-tab-pane elementor-repeater-item-7c90f59  active show\" id=\"content-7c90f5969f31279ef76f\" role=\"tabpanel\"\n                         aria-labelledby=\"content-7c90f5969f31279ef76f-tab\">\n                        <div class=\"animated fadeIn\">\n                            <p><span style=\"color: #ef4750;\"><strong>Giorno 1 \u2013 Arrivo presso l'alloggio. Cena. Pernottamento.<\/strong><\/span><\/p><p>Arrivo all'alloggio a\u00a0<strong>Casa vacanze Eko Lina a Ple\u0161kovec<\/strong>, la prima casa vacanze in Croazia a ottenere il marchio di qualit\u00e0 ecologica dell'UE, o in un resort\u00a0<strong>Terme di St Martin<\/strong>\u00a0che \u00e8 stato il primo hotel a ottenere il marchio di qualit\u00e0 ecologica dell'UE.<\/p>                        <\/div>\n                    <\/div>\n                                    <div class=\"tab-pane elementkit-tab-pane elementor-repeater-item-ab4e3ad\" id=\"content-ab4e3ad69f31279ef76f\" role=\"tabpanel\"\n                         aria-labelledby=\"content-ab4e3ad69f31279ef76f-tab\">\n                        <div class=\"animated fadeIn\">\n                            <p><span style=\"color: #ef4750;\"><strong>2. Dan \u2013 Predavanja stru\u010dnjaka iz podru\u010dja turizma i certificiranja za EU Ecolabel<\/strong><\/span><\/p><p>Dopo colazione, ritrovo presso l'Eko Holiday Home Lina. Ci conosceremo meglio davanti a una bevanda calda e a uno spuntino fatto in casa.<\/p><p><strong>Prvo predavanje \u2013 Zvonko Lajtman, predstavnik Eko Holiday Home Lina i OPG Mohokos.<\/strong> Presentazione di un caso di studio relativo a una casa vacanze privata e collegamento con la destinazione.<\/p><p>Pausa e visita della tenuta.<\/p><p><strong>Drugo predavanje \u2013 Davor Kri\u017eai\u0107, stru\u010dnjak u provo\u0111enju certificiranja EU Ecolabel i ISO standarde. <\/strong><\/p><p>Predstavljanje procedure i standarda za dobivanje standarda EU Ecolabel.<\/p><p>Una pausa per un pasto caldo. Il pranzo della nonna Biba, preparato con ingredienti biologici dell'orto dell'OPG Mohokos, cucinato proprio come facevano le nostre nonne.<\/p><p><strong>Tre\u0107e predavanje \u2013 Dijana Posavec \u2013 ravnateljica Centra dr. Rudolfa Steinera.<\/strong> Stru\u010dnjakinja za ulazak u \u010dlanstvo\u00a0 globalne asocijacije za promociju odr\u017eive poljoprivrede i odr\u017eivosti &#8211; Bio District<\/p><p>\u00a0<\/p><p>Il pomeriggio \u00e8 dedicato al \u00abParlour\u00bb, in modo da poter commentare le lezioni della mattina e rispondere a eventuali domande rimaste in sospeso.<\/p><p>Cena. Pernottamento.<\/p>                        <\/div>\n                    <\/div>\n                                    <div class=\"tab-pane elementkit-tab-pane elementor-repeater-item-824c7aa\" id=\"content-824c7aa69f31279ef76f\" role=\"tabpanel\"\n                         aria-labelledby=\"content-824c7aa69f31279ef76f-tab\">\n                        <div class=\"animated fadeIn\">\n                            <p><span style=\"color: #ef4750;\"><strong>3\u00b0 giorno \u2013 Escursione nel Me\u0111imurje \u2013 visita a luoghi di buone pratiche<\/strong><\/span><\/p><p>Colazione. Partenza per l'escursione alle 09:30.<\/p><p><strong>Visita guidata al Palazzo del Turismo TIC Me\u0111imurska e al Centro visitatori dell'Ecomuseo Me\u0111imurje (\u010cakovec, via B. J. Jela\u010di\u0107a 22e) <\/strong><\/p><ul><li>un esempio di buona pratica nello sviluppo di un prodotto culturale e turistico in un\u2019area rurale (finalista al DHT per il turismo culturale, vincitore del Premio Girasole d\u2019Oro 2023 per il turismo rurale, struttura certificata Good Travel Seal) e un\u2019introduzione al processo di certificazione delle destinazioni per il turismo sostenibile (Green Destinations)<\/li><\/ul><p><strong>Visita guidata al Centro Rudolf Steiner di Donji Kraljevec, visita alla sua casa natale e al parco che porta il suo nome (Prvomajska 4, 40320 Donji Kraljevec)<\/strong><\/p><ul><li>Centro di riferimento per l'agricoltura biodinamica, sviluppo della sezione dedicata alla pedagogia Waldorf.<\/li><\/ul><p><strong>Arrivo all'allevamento di capre a Oporovac. Visita guidata dell'allevamento con possibilit\u00e0 di accarezzare le capre. Degustazione di prelibatezze a base di latte di capra.<\/strong><\/p><p><strong>Hotel Panorama, Prelog (Via Matija Gupca 102, 40323 Prelog)<\/strong><\/p><p>Un esempio di buona pratica nel campo del turismo inclusivo (struttura certificata \"Good Travel Seal\", premio \"Golden Sunflower 2025\" nella categoria \"turismo accessibile\" e rafforzamento della comunit\u00e0 rurale)<\/p><p>Un caff\u00e8 insieme. Sto tornando a casa.<\/p>                        <\/div>\n                    <\/div>\n                                \n            <\/div>\n                    <\/div>\n    <\/div>\t\t\t\t<\/div>\n\t\t\t\t<\/div>\n\t\t\t\t<div class=\"elementor-element elementor-element-40bf2a6e elementor-widget elementor-widget-text-editor\" data-id=\"40bf2a6e\" data-element_type=\"widget\" data-e-type=\"widget\" data-widget_type=\"text-editor.default\">\n\t\t\t\t<div class=\"elementor-widget-container\">\n\t\t\t\t\t\t\t\t\t<p>NOTA: Il programma \u00e8 flessibile, nel senso che pu\u00f2 essere prolungato oppure \u00e8 possibile scegliere i giorni in base al tema.<\/p>\t\t\t\t\t\t\t\t<\/div>\n\t\t\t\t<\/div>\n\t\t\t\t\t<\/div>\n\t\t<\/div>\n\t\t\t\t<div class=\"elementor-column elementor-col-50 elementor-top-column elementor-element elementor-element-a7336bf\" data-id=\"a7336bf\" data-element_type=\"column\" data-e-type=\"column\">\n\t\t\t<div class=\"elementor-widget-wrap elementor-element-populated\">\n\t\t\t\t\t\t<section class=\"elementor-section elementor-inner-section elementor-element elementor-element-4b923e3 elementor-section-boxed elementor-section-height-default elementor-section-height-default\" data-id=\"4b923e3\" data-element_type=\"section\" data-e-type=\"section\" data-settings=\"{&quot;background_background&quot;:&quot;classic&quot;}\">\n\t\t\t\t\t\t<div class=\"elementor-container elementor-column-gap-default\">\n\t\t\t\t\t<div class=\"elementor-column elementor-col-100 elementor-inner-column elementor-element elementor-element-c860cc4\" data-id=\"c860cc4\" data-element_type=\"column\" data-e-type=\"column\">\n\t\t\t<div class=\"elementor-widget-wrap elementor-element-populated\">\n\t\t\t\t\t\t<div class=\"elementor-element elementor-element-49fa05e elementor-widget elementor-widget-text-editor\" data-id=\"49fa05e\" data-element_type=\"widget\" data-e-type=\"widget\" data-widget_type=\"text-editor.default\">\n\t\t\t\t<div class=\"elementor-widget-container\">\n\t\t\t\t\t\t\t\t\t<p>Visita il sito web \u201cColours of Medimurje\u201d per ulteriori informazioni sugli esempi di buone pratiche.<\/p>\t\t\t\t\t\t\t\t<\/div>\n\t\t\t\t<\/div>\n\t\t\t\t<div class=\"elementor-element elementor-element-b6915f6 elementor-align-left elementor-widget elementor-widget-button\" data-id=\"b6915f6\" data-element_type=\"widget\" data-e-type=\"widget\" data-widget_type=\"button.default\">\n\t\t\t\t<div class=\"elementor-widget-container\">\n\t\t\t\t\t\t\t\t\t<div class=\"elementor-button-wrapper\">\n\t\t\t\t\t<a class=\"elementor-button elementor-button-link elementor-size-sm\" href=\"https:\/\/boje-medimurja.com\/\">\n\t\t\t\t\t\t<span class=\"elementor-button-content-wrapper\">\n\t\t\t\t\t\t\t\t\t<span class=\"elementor-button-text\">Scopri di pi\u00f9<\/span>\n\t\t\t\t\t<\/span>\n\t\t\t\t\t<\/a>\n\t\t\t\t<\/div>\n\t\t\t\t\t\t\t\t<\/div>\n\t\t\t\t<\/div>\n\t\t\t\t\t<\/div>\n\t\t<\/div>\n\t\t\t\t\t<\/div>\n\t\t<\/section>\n\t\t\t\t<section class=\"elementor-section elementor-inner-section elementor-element elementor-element-27c93e80 elementor-section-boxed elementor-section-height-default elementor-section-height-default\" data-id=\"27c93e80\" data-element_type=\"section\" data-e-type=\"section\" data-settings=\"{&quot;background_background&quot;:&quot;classic&quot;}\">\n\t\t\t\t\t\t\t<div class=\"elementor-background-overlay\"><\/div>\n\t\t\t\t\t\t\t<div class=\"elementor-container elementor-column-gap-default\">\n\t\t\t\t\t<div class=\"elementor-column elementor-col-100 elementor-inner-column elementor-element elementor-element-3313fd74\" data-id=\"3313fd74\" data-element_type=\"column\" data-e-type=\"column\">\n\t\t\t<div class=\"elementor-widget-wrap elementor-element-populated\">\n\t\t\t\t\t\t<div class=\"elementor-element elementor-element-7289490b elementor-widget elementor-widget-heading\" data-id=\"7289490b\" data-element_type=\"widget\" data-e-type=\"widget\" data-widget_type=\"heading.default\">\n\t\t\t\t<div class=\"elementor-widget-container\">\n\t\t\t\t\t<h4 class=\"elementor-heading-title elementor-size-default\">Contatti<\/h4>\t\t\t\t<\/div>\n\t\t\t\t<\/div>\n\t\t\t\t<div class=\"elementor-element elementor-element-4cdc9273 elementor-widget elementor-widget-text-editor\" data-id=\"4cdc9273\" data-element_type=\"widget\" data-e-type=\"widget\" data-widget_type=\"text-editor.default\">\n\t\t\t\t<div class=\"elementor-widget-container\">\n\t\t\t\t\t\t\t\t\t<p><strong>Indirizzo:<\/strong> <br \/>\u0160trigova 72, 40312 \u0160trigova<\/p>\t\t\t\t\t\t\t\t<\/div>\n\t\t\t\t<\/div>\n\t\t\t\t<div class=\"elementor-element elementor-element-94a3545 elementor-widget elementor-widget-text-editor\" data-id=\"94a3545\" data-element_type=\"widget\" data-e-type=\"widget\" data-widget_type=\"text-editor.default\">\n\t\t\t\t<div class=\"elementor-widget-container\">\n\t\t\t\t\t\t\t\t\t<p><strong>Contatto tramite cellulare e WhatsApp:<\/strong> +385993932046<\/p>\t\t\t\t\t\t\t\t<\/div>\n\t\t\t\t<\/div>\n\t\t\t\t\t<\/div>\n\t\t<\/div>\n\t\t\t\t\t<\/div>\n\t\t<\/section>\n\t\t\t\t\t<\/div>\n\t\t<\/div>\n\t\t\t\t\t<\/div>\n\t\t<\/section>\n\t\t\t\t<\/div>","protected":false},"excerpt":{"rendered":"<p>EU Ecolabel certificiranje u turisti\u010dkom smje\u0161taju Odr\u017eivost vi\u0161e nije izbor \u2013 ona je standard budu\u0107nosti.Ovaj program pru\u017ea vam jasan i prakti\u010dan uvid u EU Ecolabel certificiranje kroz primjere iz stvarnog \u017eivota. Kroz stru\u010dna predavanja, otvorene razgovore i obilazak certificiranih objekata, saznat \u0107ete kako izgleda put od ideje do implementacije odr\u017eivih praksi u smje\u0161taju. Program je [&hellip;]<\/p>\n","protected":false},"author":1,"featured_media":0,"parent":50,"menu_order":0,"comment_status":"closed","ping_status":"closed","template":"elementor_header_footer","meta":{"footnotes":""},"class_list":["post-1866","page","type-page","status-publish","hentry"],"_links":{"self":[{"href":"https:\/\/truecolors.hr\/it\/wp-json\/wp\/v2\/pages\/1866","targetHints":{"allow":["GET"]}}],"collection":[{"href":"https:\/\/truecolors.hr\/it\/wp-json\/wp\/v2\/pages"}],"about":[{"href":"https:\/\/truecolors.hr\/it\/wp-json\/wp\/v2\/types\/page"}],"author":[{"embeddable":true,"href":"https:\/\/truecolors.hr\/it\/wp-json\/wp\/v2\/users\/1"}],"replies":[{"embeddable":true,"href":"https:\/\/truecolors.hr\/it\/wp-json\/wp\/v2\/comments?post=1866"}],"version-history":[{"count":4,"href":"https:\/\/truecolors.hr\/it\/wp-json\/wp\/v2\/pages\/1866\/revisions"}],"predecessor-version":[{"id":1871,"href":"https:\/\/truecolors.hr\/it\/wp-json\/wp\/v2\/pages\/1866\/revisions\/1871"}],"up":[{"embeddable":true,"href":"https:\/\/truecolors.hr\/it\/wp-json\/wp\/v2\/pages\/50"}],"wp:attachment":[{"href":"https:\/\/truecolors.hr\/it\/wp-json\/wp\/v2\/media?parent=1866"}],"curies":[{"name":"wp","href":"https:\/\/api.w.org\/{rel}","templated":true}]}}