{"id":361,"date":"2023-12-14T11:36:23","date_gmt":"2023-12-14T10:36:23","guid":{"rendered":"https:\/\/truecolors.hr\/?page_id=361"},"modified":"2023-12-14T11:40:40","modified_gmt":"2023-12-14T10:40:40","slug":"faq","status":"publish","type":"page","link":"https:\/\/truecolors.hr\/it\/faq\/","title":{"rendered":"FAQ"},"content":{"rendered":"<div data-elementor-type=\"wp-page\" data-elementor-id=\"361\" class=\"elementor elementor-361\" wpc-filter-elementor-widget=\"1\" data-elementor-post-type=\"page\">\n\t\t\t\t\t\t<section class=\"elementor-section elementor-top-section elementor-element elementor-element-6928e874 elementor-section-boxed elementor-section-height-default elementor-section-height-default\" data-id=\"6928e874\" data-element_type=\"section\" data-e-type=\"section\" data-settings=\"{&quot;background_background&quot;:&quot;classic&quot;}\">\n\t\t\t\t\t\t\t<div class=\"elementor-background-overlay\"><\/div>\n\t\t\t\t\t\t\t<div class=\"elementor-container elementor-column-gap-default\">\n\t\t\t\t\t<div class=\"elementor-column elementor-col-100 elementor-top-column elementor-element elementor-element-32a39e11\" data-id=\"32a39e11\" data-element_type=\"column\" data-e-type=\"column\">\n\t\t\t<div class=\"elementor-widget-wrap elementor-element-populated\">\n\t\t\t\t\t\t<div class=\"elementor-element elementor-element-59e6302e elementor-invisible elementor-widget elementor-widget-heading\" data-id=\"59e6302e\" data-element_type=\"widget\" data-e-type=\"widget\" data-settings=\"{&quot;_animation&quot;:&quot;fadeInUp&quot;}\" data-widget_type=\"heading.default\">\n\t\t\t\t<div class=\"elementor-widget-container\">\n\t\t\t\t\t<h2 class=\"elementor-heading-title elementor-size-default\">Domande frequenti<\/h2>\t\t\t\t<\/div>\n\t\t\t\t<\/div>\n\t\t\t\t<section class=\"elementor-section elementor-inner-section elementor-element elementor-element-10bd6fad elementor-section-height-min-height elementor-section-boxed elementor-section-height-default elementor-invisible\" data-id=\"10bd6fad\" data-element_type=\"section\" data-e-type=\"section\" data-settings=\"{&quot;background_background&quot;:&quot;classic&quot;,&quot;animation&quot;:&quot;fadeIn&quot;}\">\n\t\t\t\t\t\t<div class=\"elementor-container elementor-column-gap-default\">\n\t\t\t\t\t<div class=\"elementor-column elementor-col-100 elementor-inner-column elementor-element elementor-element-1a3ce4aa\" data-id=\"1a3ce4aa\" data-element_type=\"column\" data-e-type=\"column\">\n\t\t\t<div class=\"elementor-widget-wrap elementor-element-populated\">\n\t\t\t\t\t\t<div class=\"elementor-element elementor-element-67b7ceb9 elementor-widget elementor-widget-image\" data-id=\"67b7ceb9\" data-element_type=\"widget\" data-e-type=\"widget\" data-widget_type=\"image.default\">\n\t\t\t\t<div class=\"elementor-widget-container\">\n\t\t\t\t\t\t\t\t\t\t\t\t\t\t\t<img fetchpriority=\"high\" decoding=\"async\" width=\"475\" height=\"475\" src=\"https:\/\/truecolors.hr\/wp-content\/uploads\/2023\/11\/shape_truecolors-1.png\" class=\"attachment-large size-large wp-image-238\" alt=\"\" srcset=\"https:\/\/truecolors.hr\/wp-content\/uploads\/2023\/11\/shape_truecolors-1.png 475w, https:\/\/truecolors.hr\/wp-content\/uploads\/2023\/11\/shape_truecolors-1-300x300.png 300w, https:\/\/truecolors.hr\/wp-content\/uploads\/2023\/11\/shape_truecolors-1-100x100.png 100w, https:\/\/truecolors.hr\/wp-content\/uploads\/2023\/11\/shape_truecolors-1-150x150.png 150w, https:\/\/truecolors.hr\/wp-content\/uploads\/2023\/11\/shape_truecolors-1-12x12.png 12w\" sizes=\"(max-width: 475px) 100vw, 475px\" \/>\t\t\t\t\t\t\t\t\t\t\t\t\t\t\t<\/div>\n\t\t\t\t<\/div>\n\t\t\t\t<div class=\"elementor-element elementor-element-12eba786 elementor-widget elementor-widget-image\" data-id=\"12eba786\" data-element_type=\"widget\" data-e-type=\"widget\" data-widget_type=\"image.default\">\n\t\t\t\t<div class=\"elementor-widget-container\">\n\t\t\t\t\t\t\t\t\t\t\t\t\t\t\t<img decoding=\"async\" width=\"475\" height=\"475\" src=\"https:\/\/truecolors.hr\/wp-content\/uploads\/2023\/11\/shape_truecolors-9.png\" class=\"attachment-large size-large wp-image-248\" alt=\"\" srcset=\"https:\/\/truecolors.hr\/wp-content\/uploads\/2023\/11\/shape_truecolors-9.png 475w, https:\/\/truecolors.hr\/wp-content\/uploads\/2023\/11\/shape_truecolors-9-300x300.png 300w, https:\/\/truecolors.hr\/wp-content\/uploads\/2023\/11\/shape_truecolors-9-100x100.png 100w, https:\/\/truecolors.hr\/wp-content\/uploads\/2023\/11\/shape_truecolors-9-150x150.png 150w, https:\/\/truecolors.hr\/wp-content\/uploads\/2023\/11\/shape_truecolors-9-12x12.png 12w\" sizes=\"(max-width: 475px) 100vw, 475px\" \/>\t\t\t\t\t\t\t\t\t\t\t\t\t\t\t<\/div>\n\t\t\t\t<\/div>\n\t\t\t\t\t<\/div>\n\t\t<\/div>\n\t\t\t\t\t<\/div>\n\t\t<\/section>\n\t\t\t\t\t<\/div>\n\t\t<\/div>\n\t\t\t\t\t<\/div>\n\t\t<\/section>\n\t\t\t\t<section class=\"elementor-section elementor-top-section elementor-element elementor-element-4d0ca64b elementor-reverse-tablet elementor-reverse-mobile elementor-section-boxed elementor-section-height-default elementor-section-height-default\" data-id=\"4d0ca64b\" data-element_type=\"section\" data-e-type=\"section\" data-settings=\"{&quot;background_background&quot;:&quot;classic&quot;}\">\n\t\t\t\t\t\t\t<div class=\"elementor-background-overlay\"><\/div>\n\t\t\t\t\t\t\t<div class=\"elementor-container elementor-column-gap-default\">\n\t\t\t\t\t<div class=\"elementor-column elementor-col-100 elementor-top-column elementor-element elementor-element-34b013b3\" data-id=\"34b013b3\" data-element_type=\"column\" data-e-type=\"column\">\n\t\t\t<div class=\"elementor-widget-wrap elementor-element-populated\">\n\t\t\t\t\t\t<div class=\"elementor-element elementor-element-1369823e elementor-invisible elementor-widget elementor-widget-elementskit-accordion\" data-id=\"1369823e\" data-element_type=\"widget\" data-e-type=\"widget\" data-settings=\"{&quot;_animation&quot;:&quot;fadeInUp&quot;,&quot;_animation_delay&quot;:400}\" data-widget_type=\"elementskit-accordion.default\">\n\t\t\t\t<div class=\"elementor-widget-container\">\n\t\t\t\t\t<div class=\"ekit-wid-con\" >\n        <div class=\"elementskit-accordion accoedion-primary\" id=\"accordion-69f3126fa5aff\">\n\n            \n                <div class=\"elementskit-card active\">\n                    <div class=\"elementskit-card-header\" id=\"primaryHeading-0-1369823e\">\n                        <a href=\"#collapse-2225f3b69f3126fa5aff\" class=\"ekit-accordion--toggler elementskit-btn-link collapsed\" data-ekit-toggle=\"collapse\" data-target=\"#Collapse-2225f3b69f3126fa5aff\" aria-expanded=\"true\" aria-controls=\"Collapse-2225f3b69f3126fa5aff\">\n                            \n                            <span class=\"ekit-accordion-title\">Quanto dura una riunione?<\/span>\n\n                            \n                                <div class=\"ekit_accordion_icon_group\">\n                                    <div class=\"ekit_accordion_normal_icon\">\n                                        <!-- Normal Icon -->\n\t\t\t\t\t\t\t\t\t\t<i class=\"icon icon-plus\"><\/i>                                    <\/div>\n\n                                    <div class=\"ekit_accordion_active_icon\">\n                                        <!-- Active Icon -->\n\t\t\t\t\t\t\t\t\t\t<i class=\"icon icon-cross\"><\/i>                                    <\/div>\n                                <\/div>\n\n                            \n                                                    <\/a>\n                    <\/div>\n\n                    <div id=\"Collapse-2225f3b69f3126fa5aff\" class=\"show collapse\" aria-labelledby=\"primaryHeading-0-1369823e\" data-parent=\"#accordion-69f3126fa5aff\">\n\n                        <div class=\"elementskit-card-body ekit-accordion--content\">\n                            <p>La durata della prima piacevole conversazione \u00e8 di 60 minuti.<\/p>                        <\/div>\n\n                    <\/div>\n\n                <\/div><!-- .elementskit-card END -->\n\n                \n                <div class=\"elementskit-card\">\n                    <div class=\"elementskit-card-header\" id=\"primaryHeading-1-1369823e\">\n                        <a href=\"#collapse-28b866269f3126fa5aff\" class=\"ekit-accordion--toggler elementskit-btn-link collapsed\" data-ekit-toggle=\"collapse\" data-target=\"#Collapse-28b866269f3126fa5aff\" aria-expanded=\"false\" aria-controls=\"Collapse-28b866269f3126fa5aff\">\n                            \n                            <span class=\"ekit-accordion-title\">Quanto costa?<\/span>\n\n                            \n                                <div class=\"ekit_accordion_icon_group\">\n                                    <div class=\"ekit_accordion_normal_icon\">\n                                        <!-- Normal Icon -->\n\t\t\t\t\t\t\t\t\t\t<i class=\"icon icon-plus\"><\/i>                                    <\/div>\n\n                                    <div class=\"ekit_accordion_active_icon\">\n                                        <!-- Active Icon -->\n\t\t\t\t\t\t\t\t\t\t<i class=\"icon icon-cross\"><\/i>                                    <\/div>\n                                <\/div>\n\n                            \n                                                    <\/a>\n                    <\/div>\n\n                    <div id=\"Collapse-28b866269f3126fa5aff\" class=\"collapse\" aria-labelledby=\"primaryHeading-1-1369823e\" data-parent=\"#accordion-69f3126fa5aff\">\n\n                        <div class=\"elementskit-card-body ekit-accordion--content\">\n                            <p>Il prezzo dei corsi di formazione e dei workshop viene stabilito caso per caso. Lo stesso vale per le visite a esempi di buone pratiche.<\/p>                        <\/div>\n\n                    <\/div>\n\n                <\/div><!-- .elementskit-card END -->\n\n                \n                <div class=\"elementskit-card\">\n                    <div class=\"elementskit-card-header\" id=\"primaryHeading-2-1369823e\">\n                        <a href=\"#collapse-454422969f3126fa5aff\" class=\"ekit-accordion--toggler elementskit-btn-link collapsed\" data-ekit-toggle=\"collapse\" data-target=\"#Collapse-454422969f3126fa5aff\" aria-expanded=\"false\" aria-controls=\"Collapse-454422969f3126fa5aff\">\n                            \n                            <span class=\"ekit-accordion-title\">Che ne pensi della prima conversazione?<\/span>\n\n                            \n                                <div class=\"ekit_accordion_icon_group\">\n                                    <div class=\"ekit_accordion_normal_icon\">\n                                        <!-- Normal Icon -->\n\t\t\t\t\t\t\t\t\t\t<i class=\"icon icon-plus\"><\/i>                                    <\/div>\n\n                                    <div class=\"ekit_accordion_active_icon\">\n                                        <!-- Active Icon -->\n\t\t\t\t\t\t\t\t\t\t<i class=\"icon icon-cross\"><\/i>                                    <\/div>\n                                <\/div>\n\n                            \n                                                    <\/a>\n                    <\/div>\n\n                    <div id=\"Collapse-454422969f3126fa5aff\" class=\"collapse\" aria-labelledby=\"primaryHeading-2-1369823e\" data-parent=\"#accordion-69f3126fa5aff\">\n\n                        <div class=\"elementskit-card-body ekit-accordion--content\">\n                            <p>Il primo incontro \u00e8 innanzitutto un'occasione per esporci le vostre esigenze e le eventuali difficolt\u00e0 che incontrate nella vostra attivit\u00e0, oppure per condividere le vostre idee su come avviarne una. Parleremo delle vostre aspettative nei nostri confronti, dei motivi che vi hanno spinto a contattarci, della riservatezza, di ci\u00f2 che desiderate cambiare o migliorare e cos\u00ec via.<\/p><p>Avrete inoltre la possibilit\u00e0 di chiederci tutto ci\u00f2 che desiderate sapere sul processo di consulenza e sul nostro modo di lavorare.<\/p>                        <\/div>\n\n                    <\/div>\n\n                <\/div><!-- .elementskit-card END -->\n\n                \n                <div class=\"elementskit-card\">\n                    <div class=\"elementskit-card-header\" id=\"primaryHeading-3-1369823e\">\n                        <a href=\"#collapse-287256869f3126fa5aff\" class=\"ekit-accordion--toggler elementskit-btn-link collapsed\" data-ekit-toggle=\"collapse\" data-target=\"#Collapse-287256869f3126fa5aff\" aria-expanded=\"false\" aria-controls=\"Collapse-287256869f3126fa5aff\">\n                            \n                            <span class=\"ekit-accordion-title\">Come posso prenotare il primo appuntamento?<\/span>\n\n                            \n                                <div class=\"ekit_accordion_icon_group\">\n                                    <div class=\"ekit_accordion_normal_icon\">\n                                        <!-- Normal Icon -->\n\t\t\t\t\t\t\t\t\t\t<i class=\"icon icon-plus\"><\/i>                                    <\/div>\n\n                                    <div class=\"ekit_accordion_active_icon\">\n                                        <!-- Active Icon -->\n\t\t\t\t\t\t\t\t\t\t<i class=\"icon icon-cross\"><\/i>                                    <\/div>\n                                <\/div>\n\n                            \n                                                    <\/a>\n                    <\/div>\n\n                    <div id=\"Collapse-287256869f3126fa5aff\" class=\"collapse\" aria-labelledby=\"primaryHeading-3-1369823e\" data-parent=\"#accordion-69f3126fa5aff\">\n\n                        <div class=\"elementskit-card-body ekit-accordion--content\">\n                            <p>\u00c8 possibile prenotare un appuntamento tramite il link al modulo di contatto o via e-mail. <a href=\"mailto:info@truecolors.hr\">info@truecolors.hr<\/a><\/p>                        <\/div>\n\n                    <\/div>\n\n                <\/div><!-- .elementskit-card END -->\n\n                \n                <div class=\"elementskit-card\">\n                    <div class=\"elementskit-card-header\" id=\"primaryHeading-4-1369823e\">\n                        <a href=\"#collapse-5a0d19c69f3126fa5aff\" class=\"ekit-accordion--toggler elementskit-btn-link collapsed\" data-ekit-toggle=\"collapse\" data-target=\"#Collapse-5a0d19c69f3126fa5aff\" aria-expanded=\"false\" aria-controls=\"Collapse-5a0d19c69f3126fa5aff\">\n                            \n                            <span class=\"ekit-accordion-title\">Come posso modificare o posticipare un appuntamento?<\/span>\n\n                            \n                                <div class=\"ekit_accordion_icon_group\">\n                                    <div class=\"ekit_accordion_normal_icon\">\n                                        <!-- Normal Icon -->\n\t\t\t\t\t\t\t\t\t\t<i class=\"icon icon-plus\"><\/i>                                    <\/div>\n\n                                    <div class=\"ekit_accordion_active_icon\">\n                                        <!-- Active Icon -->\n\t\t\t\t\t\t\t\t\t\t<i class=\"icon icon-cross\"><\/i>                                    <\/div>\n                                <\/div>\n\n                            \n                                                    <\/a>\n                    <\/div>\n\n                    <div id=\"Collapse-5a0d19c69f3126fa5aff\" class=\"collapse\" aria-labelledby=\"primaryHeading-4-1369823e\" data-parent=\"#accordion-69f3126fa5aff\">\n\n                        <div class=\"elementskit-card-body ekit-accordion--content\">\n                            <p>Se non puoi presentarti all'appuntamento fissato, ti prego di avvisarmi con almeno 24 ore di anticipo.<\/p>                        <\/div>\n\n                    <\/div>\n\n                <\/div><!-- .elementskit-card END -->\n\n                                        <\/div>\n    <\/div>\t\t\t\t<\/div>\n\t\t\t\t<\/div>\n\t\t\t\t\t<\/div>\n\t\t<\/div>\n\t\t\t\t\t<\/div>\n\t\t<\/section>\n\t\t\t\t<\/div>","protected":false},"excerpt":{"rendered":"<p>\u010cesto postavljena pitanja Koliko traje jedan susret? Trajanje prvog razgovora ugodnog je 60 min. Koja je cijena? Cijena edukacija i radionica formira se individualno. Isto je tako i sa posjetima primjera dobre prakse. Kako izgleda prvi razgovor ugodni? Prvi sastanak je prvenstveno prilika da vi predstavite svoje \u017eelje i mogu\u0107e izazove u poslovanju ili ideje [&hellip;]<\/p>\n","protected":false},"author":1,"featured_media":0,"parent":0,"menu_order":0,"comment_status":"closed","ping_status":"closed","template":"elementor_header_footer","meta":{"footnotes":""},"class_list":["post-361","page","type-page","status-publish","hentry"],"_links":{"self":[{"href":"https:\/\/truecolors.hr\/it\/wp-json\/wp\/v2\/pages\/361","targetHints":{"allow":["GET"]}}],"collection":[{"href":"https:\/\/truecolors.hr\/it\/wp-json\/wp\/v2\/pages"}],"about":[{"href":"https:\/\/truecolors.hr\/it\/wp-json\/wp\/v2\/types\/page"}],"author":[{"embeddable":true,"href":"https:\/\/truecolors.hr\/it\/wp-json\/wp\/v2\/users\/1"}],"replies":[{"embeddable":true,"href":"https:\/\/truecolors.hr\/it\/wp-json\/wp\/v2\/comments?post=361"}],"version-history":[{"count":4,"href":"https:\/\/truecolors.hr\/it\/wp-json\/wp\/v2\/pages\/361\/revisions"}],"predecessor-version":[{"id":368,"href":"https:\/\/truecolors.hr\/it\/wp-json\/wp\/v2\/pages\/361\/revisions\/368"}],"wp:attachment":[{"href":"https:\/\/truecolors.hr\/it\/wp-json\/wp\/v2\/media?parent=361"}],"curies":[{"name":"wp","href":"https:\/\/api.w.org\/{rel}","templated":true}]}}